{"id":33,"date":"2020-12-30T15:52:44","date_gmt":"2020-12-30T14:52:44","guid":{"rendered":"https:\/\/www.wolf-maschinenbau.de\/en\/?page_id=33"},"modified":"2021-08-17T10:09:29","modified_gmt":"2021-08-17T09:09:29","slug":"privacy-policy","status":"publish","type":"page","link":"https:\/\/www.wolf-maschinenbau.de\/en\/privacy-policy\/","title":{"rendered":"Privacy Policy"},"content":{"rendered":"\t\t<div data-elementor-type=\"wp-page\" data-elementor-id=\"33\" class=\"elementor elementor-33\">\n\t\t\t\t\t\t<section class=\"elementor-section elementor-top-section elementor-element elementor-element-962da15 elementor-section-boxed elementor-section-height-default elementor-section-height-default\" data-id=\"962da15\" data-element_type=\"section\" data-e-type=\"section\">\n\t\t\t\t\t\t<div class=\"elementor-container elementor-column-gap-default\">\n\t\t\t\t\t<div class=\"elementor-column elementor-col-100 elementor-top-column elementor-element elementor-element-1ab039a\" data-id=\"1ab039a\" data-element_type=\"column\" data-e-type=\"column\">\n\t\t\t<div class=\"elementor-widget-wrap elementor-element-populated\">\n\t\t\t\t\t\t<div class=\"elementor-element elementor-element-1611f4e elementor-widget elementor-widget-spacer\" data-id=\"1611f4e\" data-element_type=\"widget\" data-e-type=\"widget\" data-widget_type=\"spacer.default\">\n\t\t\t\t<div class=\"elementor-widget-container\">\n\t\t\t\t\t\t\t<div class=\"elementor-spacer\">\n\t\t\t<div class=\"elementor-spacer-inner\"><\/div>\n\t\t<\/div>\n\t\t\t\t\t\t<\/div>\n\t\t\t\t<\/div>\n\t\t\t\t<div class=\"elementor-element elementor-element-5653a19 elementor-widget elementor-widget-heading\" data-id=\"5653a19\" data-element_type=\"widget\" data-e-type=\"widget\" data-widget_type=\"heading.default\">\n\t\t\t\t<div class=\"elementor-widget-container\">\n\t\t\t\t\t<h2 class=\"elementor-heading-title elementor-size-default\">Privacy Policy<\/h2>\t\t\t\t<\/div>\n\t\t\t\t<\/div>\n\t\t\t\t\t<\/div>\n\t\t<\/div>\n\t\t\t\t\t<\/div>\n\t\t<\/section>\n\t\t\t\t<section class=\"elementor-section elementor-top-section elementor-element elementor-element-ae71728 elementor-section-boxed elementor-section-height-default elementor-section-height-default\" data-id=\"ae71728\" data-element_type=\"section\" data-e-type=\"section\">\n\t\t\t\t\t\t<div class=\"elementor-container elementor-column-gap-default\">\n\t\t\t\t\t<div class=\"elementor-column elementor-col-100 elementor-top-column elementor-element elementor-element-e7a4c47\" data-id=\"e7a4c47\" data-element_type=\"column\" data-e-type=\"column\">\n\t\t\t<div class=\"elementor-widget-wrap elementor-element-populated\">\n\t\t\t\t\t\t<div class=\"elementor-element elementor-element-0477411 elementor-widget-divider--view-line elementor-widget elementor-widget-divider\" data-id=\"0477411\" data-element_type=\"widget\" data-e-type=\"widget\" data-widget_type=\"divider.default\">\n\t\t\t\t<div class=\"elementor-widget-container\">\n\t\t\t\t\t\t\t<div class=\"elementor-divider\">\n\t\t\t<span class=\"elementor-divider-separator\">\n\t\t\t\t\t\t<\/span>\n\t\t<\/div>\n\t\t\t\t\t\t<\/div>\n\t\t\t\t<\/div>\n\t\t\t\t<div class=\"elementor-element elementor-element-d777fcc elementor-widget elementor-widget-text-editor\" data-id=\"d777fcc\" data-element_type=\"widget\" data-e-type=\"widget\" data-widget_type=\"text-editor.default\">\n\t\t\t\t<div class=\"elementor-widget-container\">\n\t\t\t\t\t\t\t\t\t<p><strong>Datenschutz-Unterrichtung<\/strong><br \/>Im Folgenden unterrichten wir Sie \u00fcber Art, Umfang und Zweck der Erhebung und<br \/>Verwendung personenbezogener Daten gem\u00e4\u00df \u00a7 13 Abs. 1 Telemediengesetz.<\/p>\t\t\t\t\t\t\t\t<\/div>\n\t\t\t\t<\/div>\n\t\t\t\t<div class=\"elementor-element elementor-element-59a8b4d elementor-widget elementor-widget-text-editor\" data-id=\"59a8b4d\" data-element_type=\"widget\" data-e-type=\"widget\" data-widget_type=\"text-editor.default\">\n\t\t\t\t<div class=\"elementor-widget-container\">\n\t\t\t\t\t\t\t\t\t<p><strong>Allgemeines<\/strong><br \/>Wenn Sie unsere Webseiten abrufen, so werden automatisch einige Daten erhoben und<br \/>verwendet. Bedingt durch die Natur des Internets werden diese Daten zwangsl\u00e4ufig auf<br \/>einer Vielzahl von Servern verarbeitet, bis Ihre Anfrage auf unserem Webserver<br \/>ankommt; daher ist eine Erhebung und Nutzung auch in \u201eDrittstaaten\u201c (z.B. den USA)<br \/>m\u00f6glich. Auf diesen Vorgang hat unser Unternehmen keinerlei Einfluss.<br \/>Abgesehen von diesen technischen Zwangsl\u00e4ufigkeiten \u00fcbermittelt der Anbieter dieser Internetpr\u00e4senz keine personenbezogenen Daten an Staaten au\u00dferhalb der EU-Datenschutzrichtlinie.<\/p>\t\t\t\t\t\t\t\t<\/div>\n\t\t\t\t<\/div>\n\t\t\t\t<div class=\"elementor-element elementor-element-e1f4e62 elementor-widget elementor-widget-text-editor\" data-id=\"e1f4e62\" data-element_type=\"widget\" data-e-type=\"widget\" data-widget_type=\"text-editor.default\">\n\t\t\t\t<div class=\"elementor-widget-container\">\n\t\t\t\t\t\t\t\t\t<p><strong>Abruf von Informationen der Webseite<\/strong><br \/>Die folgenden Daten werden erhoben und in Ihrem Sinne zur Auslieferung von Webseiten<br \/>(&#8220;surfen&#8221;) verwendet und in Form von Logfiles f\u00fcr eine begrenzte Zeit gespeichert, und eventuelle technische Probleme analysieren zu k\u00f6nnen:<\/p>\t\t\t\t\t\t\t\t<\/div>\n\t\t\t\t<\/div>\n\t\t\t\t<div class=\"elementor-element elementor-element-efb29f9 elementor-widget elementor-widget-text-editor\" data-id=\"efb29f9\" data-element_type=\"widget\" data-e-type=\"widget\" data-widget_type=\"text-editor.default\">\n\t\t\t\t<div class=\"elementor-widget-container\">\n\t\t\t\t\t\t\t\t\t<p>&#8211; <strong>Datum und Uhrzeit<\/strong> (Hieran k\u00f6nnen wir eine zeitliche Zuordnung machen und dies<br \/>nutzen, um z.B. technische Probleme zu lokalisieren.)<\/p><p>&#8211; <strong>IP-Adresse<\/strong> (Die Erhebung der IP-Adresse ist notwendig, damit der Webserver Ihnen<br \/>die gew\u00fcnschten Daten schicken kann.) In den Logfiles wird der Hostname bzw. die IP-Adresse des Clients, der Ihre Website aufruft, anonymisiert. In den Logfiles werden nur die Eintr\u00e4ge f\u00fcr den Host des Clients oder, wenn dieser nicht ermittelbar ist, die IP-Adresse des Clients anonymisiert. Das Format aller anderen Eintr\u00e4ge \u00e4ndert sich nicht. Eine\u00a0anonymisierte IP-Adresse beh\u00e4lt maximal 24 Stunden ihre G\u00fcltigkeit. Danach w\u00fcrde aus derselben Ausgangs-IP-Adresse eine andere &#8220;anonyme&#8221; IP-Adresse werden.<\/p><p>&#8211; <strong>Die angeforderten Daten<\/strong> (Welche Datei fordern Sie an? In welchem Unterverzeichnis<br \/>liegt sie?)<\/p><p>&#8211; <strong>Der Port, \u00fcber den Sie die Daten anfordern<\/strong> (Diese Information wird durch Ihren<br \/>Browser automatisch verschickt. \u00dcber diesen Port werden Sie die gew\u00fcnschte Webseite<br \/>erhalten.)<\/p><p>&#8211; <strong>Die verweisende Webseite<\/strong> (Einige Browser senden bei jedem Abruf auch die URL der<br \/>zuvor genutzten Webseite.)<\/p><p>&#8211; <strong>Name des Browsers, mit dem Sie im Internet surfen<\/strong> (Diese Information wird durch Ihren Browser automatisch verschickt. Wir nutzen diese Information m\u00f6glicherweise, damit die Inhalte optisch optimal dargestellt werden k\u00f6nnen. Eventuell sendet Ihr Browser auch andere Informationen, z.B. \u00fcber installierte Programme)<\/p><p>&#8211; <strong>Der Status des Abrufes<\/strong> (Hier k\u00f6nnen wir erkennen, ob die gew\u00fcnschte Webseite existiert und erfolgreich an Sie ausgeliefert werden konnte.)<\/p><p>&#8211; <strong>Diverses:<\/strong> Der Vollst\u00e4ndigkeit halber sei erw\u00e4hnt, dass Ihr Browser m\u00f6glicherweise<br \/>noch zus\u00e4tzliche Daten an unseren Webserver schickt (Name des Browsers, Bildschirm-<br \/>Aufl\u00f6sung etc.). Hierauf haben wir naturgem\u00e4\u00df keinen Einfluss. Diese Daten werden<br \/>ebenfalls in den oben genannten Logfiles gespeichert.<\/p><p>&#8211; <strong>Cookies<\/strong> (Hierbei handelt es sich um kleine Textdateien, die durch Ihren<br \/>Browser auf Ihrer Festplatte gespeichert werden). Die meisten Cookies sind so genannte Session-Cookies, diese werden beim Schlie\u00dfen des Browsers automatisch entfernt. Andere Cookies bleiben auf Ihrem Endger\u00e4t gespeichert, damit erkennen wir Ihren Browser beim n\u00e4chsten Besuch auf unserer Internetpr\u00e4senz. Diese Cookies bleiben auf Ihrem Ger\u00e4t gespeichert bis Sie diese l\u00f6schen.<\/p>\t\t\t\t\t\t\t\t<\/div>\n\t\t\t\t<\/div>\n\t\t\t\t<div class=\"elementor-element elementor-element-1406c9b elementor-widget elementor-widget-text-editor\" data-id=\"1406c9b\" data-element_type=\"widget\" data-e-type=\"widget\" data-widget_type=\"text-editor.default\">\n\t\t\t\t<div class=\"elementor-widget-container\">\n\t\t\t\t\t\t\t\t\t<p><strong>YouTube Videos<\/strong><br \/>Die YouTube Videos sind im \u201eerweiterten Datenschutzmodus\u201c eingebettet. Der Aufruf der Seiten f\u00fchrt zu einer Verbindungsaufnahme mit YouTube und dem DoubleClick-Netzwerk. Ein Klick auf das Video kann weitere Datenverarbeitungsvorg\u00e4nge ausl\u00f6sen, auf die der Website-Betreiber keinen Einfluss mehr hat.<\/p>\t\t\t\t\t\t\t\t<\/div>\n\t\t\t\t<\/div>\n\t\t\t\t<div class=\"elementor-element elementor-element-75b7d16 elementor-widget elementor-widget-text-editor\" data-id=\"75b7d16\" data-element_type=\"widget\" data-e-type=\"widget\" data-widget_type=\"text-editor.default\">\n\t\t\t\t<div class=\"elementor-widget-container\">\n\t\t\t\t\t\t\t\t\t<p><strong>Twitter-Syndication<\/strong><br \/>Auf unseren Seiten werden durch den Twitter Dienst \u201eTwitter-Syndication\u201c Twitter-Nachrichten unseres Twitter Accounts eingebunden. Durch das Laden der Seite ist es m\u00f6glich, dass der Browser pers\u00f6nliche Daten wie die IP-Adresse oder ganze Cookies an die sozialen Dienste sendet.<\/p>\t\t\t\t\t\t\t\t<\/div>\n\t\t\t\t<\/div>\n\t\t\t\t<div class=\"elementor-element elementor-element-cfaf705 elementor-widget elementor-widget-text-editor\" data-id=\"cfaf705\" data-element_type=\"widget\" data-e-type=\"widget\" data-widget_type=\"text-editor.default\">\n\t\t\t\t<div class=\"elementor-widget-container\">\n\t\t\t\t\t\t\t\t\t<p><strong>Social-Plugins<\/strong><br \/>Auf unseren Seiten sind Like-Buttons eingebunden. Hier k\u00f6nnen die Besucher im jeweiligen sozialen Netzwerk (Google+, Facebook, Twitter, etc.) mit einem Klick bekanntgeben, dass Sie unsere Inhalte \u201eliken\u201c.<br \/>Wir weisen darauf hin, dass Ihr Besuch unserer Seite sofort an jene sozialen Netzwerke mitgeteilt wird, deren Anmeldeinformationen aktuell in einem Cookie vorliegen.<\/p>\t\t\t\t\t\t\t\t<\/div>\n\t\t\t\t<\/div>\n\t\t\t\t<div class=\"elementor-element elementor-element-5ed0e0f elementor-widget elementor-widget-spacer\" data-id=\"5ed0e0f\" data-element_type=\"widget\" data-e-type=\"widget\" data-widget_type=\"spacer.default\">\n\t\t\t\t<div class=\"elementor-widget-container\">\n\t\t\t\t\t\t\t<div class=\"elementor-spacer\">\n\t\t\t<div class=\"elementor-spacer-inner\"><\/div>\n\t\t<\/div>\n\t\t\t\t\t\t<\/div>\n\t\t\t\t<\/div>\n\t\t\t\t\t<\/div>\n\t\t<\/div>\n\t\t\t\t\t<\/div>\n\t\t<\/section>\n\t\t\t\t<section class=\"elementor-section elementor-top-section elementor-element elementor-element-3462091 elementor-section-boxed elementor-section-height-default elementor-section-height-default\" data-id=\"3462091\" data-element_type=\"section\" data-e-type=\"section\" data-settings=\"{&quot;shape_divider_bottom&quot;:&quot;opacity-tilt&quot;}\">\n\t\t\t\t\t<div class=\"elementor-shape elementor-shape-bottom\" aria-hidden=\"true\" data-negative=\"false\">\n\t\t\t<svg xmlns=\"http:\/\/www.w3.org\/2000\/svg\" viewBox=\"0 0 2600 131.1\" preserveAspectRatio=\"none\">\n\t<path class=\"elementor-shape-fill\" d=\"M0 0L2600 0 2600 69.1 0 0z\"\/>\n\t<path class=\"elementor-shape-fill\" style=\"opacity:0.5\" d=\"M0 0L2600 0 2600 69.1 0 69.1z\"\/>\n\t<path class=\"elementor-shape-fill\" style=\"opacity:0.25\" d=\"M2600 0L0 0 0 130.1 2600 69.1z\"\/>\n<\/svg>\t\t<\/div>\n\t\t\t\t\t<div class=\"elementor-container elementor-column-gap-default\">\n\t\t\t\t\t<div class=\"elementor-column elementor-col-100 elementor-top-column elementor-element elementor-element-7438f38\" data-id=\"7438f38\" data-element_type=\"column\" data-e-type=\"column\">\n\t\t\t<div class=\"elementor-widget-wrap\">\n\t\t\t\t\t\t\t<\/div>\n\t\t<\/div>\n\t\t\t\t\t<\/div>\n\t\t<\/section>\n\t\t\t\t<\/div>\n\t\t","protected":false},"excerpt":{"rendered":"<p>Privacy Policy Datenschutz-UnterrichtungIm Folgenden unterrichten wir Sie \u00fcber Art, Umfang und Zweck der Erhebung undVerwendung personenbezogener Daten gem\u00e4\u00df \u00a7 13 Abs. 1 Telemediengesetz. AllgemeinesWenn Sie unsere Webseiten abrufen, so werden automatisch einige Daten erhoben undverwendet. Bedingt durch die Natur des Internets werden diese Daten zwangsl\u00e4ufig aufeiner Vielzahl von Servern verarbeitet, bis Ihre Anfrage auf unserem&hellip;&nbsp;<a href=\"https:\/\/www.wolf-maschinenbau.de\/en\/privacy-policy\/\" rel=\"bookmark\">Read More &raquo;<span class=\"screen-reader-text\">Privacy Policy<\/span><\/a><\/p>\n","protected":false},"author":2,"featured_media":0,"parent":0,"menu_order":0,"comment_status":"closed","ping_status":"closed","template":"page-templates\/template-pagebuilder-full-width.php","meta":{"_seopress_robots_primary_cat":"","_seopress_titles_title":"","_seopress_titles_desc":"","_seopress_robots_index":"","_seopress_analysis_target_kw":"","neve_meta_sidebar":"full-width","neve_meta_container":"","neve_meta_enable_content_width":"on","neve_meta_content_width":100,"neve_meta_title_alignment":"","neve_meta_author_avatar":"","neve_post_elements_order":"","neve_meta_disable_header":"","neve_meta_disable_footer":"","neve_meta_disable_title":"","neve_meta_reading_time":"","footnotes":""},"class_list":["post-33","page","type-page","status-publish","hentry"],"_links":{"self":[{"href":"https:\/\/www.wolf-maschinenbau.de\/en\/wp-json\/wp\/v2\/pages\/33","targetHints":{"allow":["GET"]}}],"collection":[{"href":"https:\/\/www.wolf-maschinenbau.de\/en\/wp-json\/wp\/v2\/pages"}],"about":[{"href":"https:\/\/www.wolf-maschinenbau.de\/en\/wp-json\/wp\/v2\/types\/page"}],"author":[{"embeddable":true,"href":"https:\/\/www.wolf-maschinenbau.de\/en\/wp-json\/wp\/v2\/users\/2"}],"replies":[{"embeddable":true,"href":"https:\/\/www.wolf-maschinenbau.de\/en\/wp-json\/wp\/v2\/comments?post=33"}],"version-history":[{"count":26,"href":"https:\/\/www.wolf-maschinenbau.de\/en\/wp-json\/wp\/v2\/pages\/33\/revisions"}],"predecessor-version":[{"id":1712,"href":"https:\/\/www.wolf-maschinenbau.de\/en\/wp-json\/wp\/v2\/pages\/33\/revisions\/1712"}],"wp:attachment":[{"href":"https:\/\/www.wolf-maschinenbau.de\/en\/wp-json\/wp\/v2\/media?parent=33"}],"curies":[{"name":"wp","href":"https:\/\/api.w.org\/{rel}","templated":true}]}}