{"id":24,"date":"2021-01-05T14:10:49","date_gmt":"2021-01-05T14:10:49","guid":{"rendered":"https:\/\/www.wolf-maschinenbau.de\/fr\/?page_id=24"},"modified":"2021-08-18T08:26:26","modified_gmt":"2021-08-18T08:26:26","slug":"protection-des-donnees","status":"publish","type":"page","link":"https:\/\/www.wolf-maschinenbau.de\/fr\/protection-des-donnees\/","title":{"rendered":"Protection des donn\u00e9es"},"content":{"rendered":"\t\t<div data-elementor-type=\"wp-page\" data-elementor-id=\"24\" class=\"elementor elementor-24\">\n\t\t\t\t\t\t<section class=\"elementor-section elementor-top-section elementor-element elementor-element-17ffabf elementor-section-boxed elementor-section-height-default elementor-section-height-default\" data-id=\"17ffabf\" data-element_type=\"section\" data-e-type=\"section\">\n\t\t\t\t\t\t<div class=\"elementor-container elementor-column-gap-default\">\n\t\t\t\t\t<div class=\"elementor-column elementor-col-100 elementor-top-column elementor-element elementor-element-19ae8bd\" data-id=\"19ae8bd\" data-element_type=\"column\" data-e-type=\"column\">\n\t\t\t<div class=\"elementor-widget-wrap elementor-element-populated\">\n\t\t\t\t\t\t<div class=\"elementor-element elementor-element-f83e193 elementor-widget elementor-widget-spacer\" data-id=\"f83e193\" data-element_type=\"widget\" data-e-type=\"widget\" data-widget_type=\"spacer.default\">\n\t\t\t\t<div class=\"elementor-widget-container\">\n\t\t\t\t\t\t\t<div class=\"elementor-spacer\">\n\t\t\t<div class=\"elementor-spacer-inner\"><\/div>\n\t\t<\/div>\n\t\t\t\t\t\t<\/div>\n\t\t\t\t<\/div>\n\t\t\t\t<div class=\"elementor-element elementor-element-0495f54 elementor-widget elementor-widget-heading\" data-id=\"0495f54\" data-element_type=\"widget\" data-e-type=\"widget\" data-widget_type=\"heading.default\">\n\t\t\t\t<div class=\"elementor-widget-container\">\n\t\t\t\t\t<h2 class=\"elementor-heading-title elementor-size-default\">Protection des donn\u00e9es<\/h2>\t\t\t\t<\/div>\n\t\t\t\t<\/div>\n\t\t\t\t\t<\/div>\n\t\t<\/div>\n\t\t\t\t\t<\/div>\n\t\t<\/section>\n\t\t\t\t<section class=\"elementor-section elementor-top-section elementor-element elementor-element-6dd6695 elementor-section-boxed elementor-section-height-default elementor-section-height-default\" data-id=\"6dd6695\" data-element_type=\"section\" data-e-type=\"section\">\n\t\t\t\t\t\t<div class=\"elementor-container elementor-column-gap-default\">\n\t\t\t\t\t<div class=\"elementor-column elementor-col-100 elementor-top-column elementor-element elementor-element-9cec8d0\" data-id=\"9cec8d0\" data-element_type=\"column\" data-e-type=\"column\">\n\t\t\t<div class=\"elementor-widget-wrap elementor-element-populated\">\n\t\t\t\t\t\t<div class=\"elementor-element elementor-element-e2db1fe elementor-widget-divider--view-line elementor-widget elementor-widget-divider\" data-id=\"e2db1fe\" data-element_type=\"widget\" data-e-type=\"widget\" data-widget_type=\"divider.default\">\n\t\t\t\t<div class=\"elementor-widget-container\">\n\t\t\t\t\t\t\t<div class=\"elementor-divider\">\n\t\t\t<span class=\"elementor-divider-separator\">\n\t\t\t\t\t\t<\/span>\n\t\t<\/div>\n\t\t\t\t\t\t<\/div>\n\t\t\t\t<\/div>\n\t\t\t\t<div class=\"elementor-element elementor-element-4e392b7 elementor-widget elementor-widget-text-editor\" data-id=\"4e392b7\" data-element_type=\"widget\" data-e-type=\"widget\" data-widget_type=\"text-editor.default\">\n\t\t\t\t<div class=\"elementor-widget-container\">\n\t\t\t\t\t\t\t\t\t<p><strong>Informations sur la protection des donn\u00e9es<\/strong><\/p><p>Nous vous informons ci-apr\u00e8s sur le type, l\u2018\u00e9tendue de l\u2018objectif de la collecte utilisation des donn\u00e9es personnelles conform\u00e9ment \u00e0 l\u2018article 13, paragraphe 1, de la loi sur les t\u00e9l\u00e9m\u00e9dias.<\/p><p><strong>Informations g\u00e9n\u00e9rales<\/strong><\/p><p>Si vous appelez nos sites web, certaines donn\u00e9es sont automatiquement collect\u00e9es et utilis\u00e9es.<\/p><p>En raison de la nature d\u2018Internet, ces donn\u00e9es sont in\u00e9vitablement trait\u00e9es par un grand nombre de serveurs jusqu\u2018\u00e0 ce que votre demande soit arriv\u00e9 sur notre serveur web. Par cons\u00e9quent, une collecte et une untilisation \u00e9galement dans des \u201e pays tiers\u201c ( par exemple les \u00c9tats-Unis ) est possible. Notre soci\u00e9t\u00e9 n\u2018a aucune influence sur ce processus. Hormis ces n\u00e9ssessit\u00e9s techniques, le fournisseur de ce site web ne transmet aucune donn\u00e9e personelle \u00e0 des pays qui ne sont pas soumis \u00e0 la directive europ\u00e9enne sur la protection des donn\u00e9es.<\/p><p><strong>R\u00e9cup\u00e9ration d\u2019informations sur le site web<\/strong><\/p><p>Les donn\u00e9es suivantes sont collect\u00e9es et utilis\u00e9es dans votre in\u00e9r\u00eat pour vous fournir des sites web ( \u201esurfer\u201c) et stock\u00e9s sous forme de fichiers journaux pour une dur\u00e9e limit\u00e9e et pour pouvoir analyser des probl\u00e8mes techniques \u00e9ventuels:<\/p><p><strong>Date et heure<\/strong> ( nous pouvons y faire une affectation temporelle et l\u2018utiliser pour localiser des probl\u00e8mes techniques par exemple.)<\/p><p><strong>Adresse IP<\/strong> ( La collecte de l\u2018adresse IP est n\u00e9cessaire que le serveur web puisse vous envoyer les donn\u00e9es demand\u00e9es.)<\/p><p>Dans les fichiers journaux, le nom d\u2018h\u00f4te ou l\u2018adresse IP du client qui appelle votre site web est rendu anonyme. Dans les fichiers journaux, seules les entr\u00e9es concernat l\u2018h\u00f4te du client, si cela ne peut pas \u00eatre d\u00e9termin\u00e9, l\u2018adresse IP du client seront anonymis\u00e9es. Une adresse IP anonymis\u00e9e reste valable pendant 24 heures au maximum. Apr\u00e8s cela, la m\u00eame adresse IP initiale deviendrait une autre adresse IP \u201eanonyme\u201c.<\/p><p><strong>Les donn\u00e9es demand\u00e9es<\/strong> ( Quel dossier demandez-vous ? Dans quel sous-r\u00e9pertoire se trouve-t-elle ?<\/p><p><strong>Le port par lequel vous demandez les donn\u00e9es<\/strong> ( Ces informations sont automatiquement envoy\u00e9es par votre navigateur. Via ce port, vous pouvez acc\u00e9der au site web souhait\u00e9.)<\/p><p><strong>Le site web de r\u00e9f\u00e9rence<\/strong> ( Certains navigateurs envoient \u00e9galement l\u2018URL de la site web pr\u00e9c\u00e9demment utilis\u00e9.)<\/p><p><strong>Nom du navigateur que vous utilisez pour naviguer sur Internet<\/strong><\/p><p>( Ces informations sont automatiquement envoy\u00e9es par votre navigateur. Nous utilisons ces informations pour que les contenus puissent \u00eatre affich\u00e9s de la meilleure fa\u00e7on possible. Votre navigateur peut \u00e9galement envoyer d\u2018aures informations, par exemple sur les programmes install\u00e9s.)<\/p><p><strong>Le statut de la r\u00e9cup\u00e9ration<\/strong> ( Ici, nous pouvons voir si le site web souhait\u00e9 existe et pourrait vous \u00eatre livr\u00e9 avec succ\u00e8s. )<\/p><p><strong>Divers:<\/strong> Par souci d\u2018exhaustivit\u00e9, il faut le mentionner que votre navigateur peut envoyer des donn\u00e9es suppl\u00e9mentaires \u00e0 notre serveur web (nom du navigateur, r\u00e9solution d\u2018\u00e9cran, etc..). Nous n\u2018avons aucune influence sur ce point. Ces donn\u00e9es sont \u00e9galement stock\u00e9es dans les fichiers journaux mentionn\u00e9s ci-dessus.<\/p><p><strong>Cookies<\/strong> ( Il s\u2018agit de petits fichiers texte, qui seront enregistr\u00e9s sur votre dique dur par votre navigateur. La plupart des cookies sont des \u201ecookies de session\u201c, qui sont automatiquement supprim\u00e9s lorsque le navigateur est ferm\u00e9. D\u2018autres cookies restent stock\u00e9s sur votre appareil terminal, afin que nous reconnaissions votre navigateur lors de votre prochaine visite sur notre site web. Ces cookies restent stock\u00e9s sur votre appareil jusqu\u2018\u00e0 ce que vous les supprimiez.<\/p><p><strong>Vid\u00e9os YouTube<\/strong><\/p><p>Les vid\u00e9os de YouTube sont int\u00e9gr\u00e9es en \u201emode avanc\u00e9 de confidentialit\u00e9\u201c. Lorsque les pages sont consult\u00e9es, elles se connectent \u00e0 YouTube et au r\u00e9seau DoubleClick. Un clic sur la vid\u00e9o peut d\u00e9clancher d\u2018autres op\u00e9rations de traitement des donn\u00e9es sur lesquelles l\u2018op\u00e9rateur du site web n\u2018a aucun contr\u00f4le.<\/p><p><strong>Cr\u00e9ation de profils d\u2018utilisation \/ Vos possibilit\u00e9s d\u2018objection<\/strong><\/p><p>Conform\u00e9ment \u00e0 l\u2018article 15, prargraphe 3, de la TMG, la cr\u00e9ation de profils d\u2018utilisateurs pseudonymes est autoris\u00e9e, de les utiliser pour la publicit\u00e9, les \u00e9tudes de march\u00e9 ou pour la conception du t\u00e9l\u00e9m\u00e9dia selon les besoins. Nous profitons de cette opportunit\u00e9.<\/p><p>Dans certains cas, il est fait appel \u00e0 des prestataires externes, qui peuvent \u00eatre situ\u00e9s en dehors de l`UE. Des \u201ecookies\u201c sont stock\u00e9s dans votre navigateur web; certains sont des \u201eThird Party Cookies\u201c qui sont exclusivement soumis au contr\u00f4le de fournisseurs externes.<\/p><p>Vous pouvez contredire \u00e0 ces profils d\u2018utilisation en (a) configurant votre navigateur web en cons\u00e9quence ou (b) en utilisant des modules compl\u00e9mentaires pour les navigateurs web<\/p><p>(\u201ead blockers\u201c) ou (c) en visitant des sites web sp\u00e9cifiques qui utilisent des cookies de r\u00e9vocation dans le navigateur web.<\/p><p><strong>Syndication Twitter<\/strong><\/p><p>Sur nos pages, les messages de notre compte Twitter sont integr\u00e9s par le service \u201eSyndication Twitter\u201c. En chargeant la page, il est possible que le navigateur envoie des donn\u00e9es personelles telles que l\u2018adresse IP ou des cookies entiers au service sociaux.<\/p><p><strong>Plugins sociaux<\/strong><\/p><p>Les Like-Buttons sont int\u00e9gr\u00e9s dans nos pages. Les visiteurs peuvent annoncer en un seul clic qu\u2018ils \u201elike\u201c nos contenus dans le r\u00e9seau social resprectif ( Google+, Facebook, Twitter, etc..).<\/p><p>Nous vous signalons que votre visite sur notre site est imm\u00e9diatement communiqu\u00e9e aux r\u00e9seaux sociaux dont les informations de connexion sont actuellement disponibles dans un cookie.<\/p>\t\t\t\t\t\t\t\t<\/div>\n\t\t\t\t<\/div>\n\t\t\t\t\t<\/div>\n\t\t<\/div>\n\t\t\t\t\t<\/div>\n\t\t<\/section>\n\t\t\t\t<section class=\"elementor-section elementor-top-section elementor-element elementor-element-4937db3 elementor-section-boxed elementor-section-height-default elementor-section-height-default\" data-id=\"4937db3\" data-element_type=\"section\" data-e-type=\"section\">\n\t\t\t\t\t\t<div class=\"elementor-container elementor-column-gap-default\">\n\t\t\t\t\t<div class=\"elementor-column elementor-col-100 elementor-top-column elementor-element elementor-element-8df1723\" data-id=\"8df1723\" data-element_type=\"column\" data-e-type=\"column\">\n\t\t\t<div class=\"elementor-widget-wrap elementor-element-populated\">\n\t\t\t\t\t\t<div class=\"elementor-element elementor-element-cf9a693 elementor-widget elementor-widget-spacer\" data-id=\"cf9a693\" data-element_type=\"widget\" data-e-type=\"widget\" data-widget_type=\"spacer.default\">\n\t\t\t\t<div class=\"elementor-widget-container\">\n\t\t\t\t\t\t\t<div class=\"elementor-spacer\">\n\t\t\t<div class=\"elementor-spacer-inner\"><\/div>\n\t\t<\/div>\n\t\t\t\t\t\t<\/div>\n\t\t\t\t<\/div>\n\t\t\t\t\t<\/div>\n\t\t<\/div>\n\t\t\t\t\t<\/div>\n\t\t<\/section>\n\t\t\t\t<section class=\"elementor-section elementor-top-section elementor-element elementor-element-cdcd0c2 elementor-section-boxed elementor-section-height-default elementor-section-height-default\" data-id=\"cdcd0c2\" data-element_type=\"section\" data-e-type=\"section\" data-settings=\"{&quot;shape_divider_bottom&quot;:&quot;opacity-tilt&quot;}\">\n\t\t\t\t\t<div class=\"elementor-shape elementor-shape-bottom\" aria-hidden=\"true\" data-negative=\"false\">\n\t\t\t<svg xmlns=\"http:\/\/www.w3.org\/2000\/svg\" viewBox=\"0 0 2600 131.1\" preserveAspectRatio=\"none\">\n\t<path class=\"elementor-shape-fill\" d=\"M0 0L2600 0 2600 69.1 0 0z\"\/>\n\t<path class=\"elementor-shape-fill\" style=\"opacity:0.5\" d=\"M0 0L2600 0 2600 69.1 0 69.1z\"\/>\n\t<path class=\"elementor-shape-fill\" style=\"opacity:0.25\" d=\"M2600 0L0 0 0 130.1 2600 69.1z\"\/>\n<\/svg>\t\t<\/div>\n\t\t\t\t\t<div class=\"elementor-container elementor-column-gap-default\">\n\t\t\t\t\t<div class=\"elementor-column elementor-col-100 elementor-top-column elementor-element elementor-element-76769ab\" data-id=\"76769ab\" data-element_type=\"column\" data-e-type=\"column\">\n\t\t\t<div class=\"elementor-widget-wrap\">\n\t\t\t\t\t\t\t<\/div>\n\t\t<\/div>\n\t\t\t\t\t<\/div>\n\t\t<\/section>\n\t\t\t\t<\/div>\n\t\t","protected":false},"excerpt":{"rendered":"<p>Protection des donn\u00e9es Informations sur la protection des donn\u00e9es Nous vous informons ci-apr\u00e8s sur le type, l\u2018\u00e9tendue de l\u2018objectif de la collecte utilisation des donn\u00e9es personnelles conform\u00e9ment \u00e0 l\u2018article 13, paragraphe 1, de la loi sur les t\u00e9l\u00e9m\u00e9dias. Informations g\u00e9n\u00e9rales Si vous appelez nos sites web, certaines donn\u00e9es sont automatiquement collect\u00e9es et utilis\u00e9es. En raison&hellip;&nbsp;<a href=\"https:\/\/www.wolf-maschinenbau.de\/fr\/protection-des-donnees\/\" rel=\"bookmark\">Read More &raquo;<span class=\"screen-reader-text\">Protection des donn\u00e9es<\/span><\/a><\/p>\n","protected":false},"author":2,"featured_media":0,"parent":0,"menu_order":0,"comment_status":"closed","ping_status":"closed","template":"page-templates\/template-pagebuilder-full-width.php","meta":{"_seopress_robots_primary_cat":"","_seopress_titles_title":"","_seopress_titles_desc":"","_seopress_robots_index":"","neve_meta_sidebar":"full-width","neve_meta_container":"","neve_meta_enable_content_width":"on","neve_meta_content_width":100,"neve_meta_title_alignment":"","neve_meta_author_avatar":"","neve_post_elements_order":"","neve_meta_disable_header":"","neve_meta_disable_footer":"","neve_meta_disable_title":"","neve_meta_reading_time":"","footnotes":""},"class_list":["post-24","page","type-page","status-publish","hentry"],"_links":{"self":[{"href":"https:\/\/www.wolf-maschinenbau.de\/fr\/wp-json\/wp\/v2\/pages\/24","targetHints":{"allow":["GET"]}}],"collection":[{"href":"https:\/\/www.wolf-maschinenbau.de\/fr\/wp-json\/wp\/v2\/pages"}],"about":[{"href":"https:\/\/www.wolf-maschinenbau.de\/fr\/wp-json\/wp\/v2\/types\/page"}],"author":[{"embeddable":true,"href":"https:\/\/www.wolf-maschinenbau.de\/fr\/wp-json\/wp\/v2\/users\/2"}],"replies":[{"embeddable":true,"href":"https:\/\/www.wolf-maschinenbau.de\/fr\/wp-json\/wp\/v2\/comments?post=24"}],"version-history":[{"count":16,"href":"https:\/\/www.wolf-maschinenbau.de\/fr\/wp-json\/wp\/v2\/pages\/24\/revisions"}],"predecessor-version":[{"id":1092,"href":"https:\/\/www.wolf-maschinenbau.de\/fr\/wp-json\/wp\/v2\/pages\/24\/revisions\/1092"}],"wp:attachment":[{"href":"https:\/\/www.wolf-maschinenbau.de\/fr\/wp-json\/wp\/v2\/media?parent=24"}],"curies":[{"name":"wp","href":"https:\/\/api.w.org\/{rel}","templated":true}]}}