{"id":495,"date":"2021-01-21T09:37:11","date_gmt":"2021-01-21T09:37:11","guid":{"rendered":"https:\/\/www.wolf-maschinenbau.de\/fr\/?page_id=495"},"modified":"2026-02-24T13:32:09","modified_gmt":"2026-02-24T13:32:09","slug":"societe","status":"publish","type":"page","link":"https:\/\/www.wolf-maschinenbau.de\/fr\/societe\/","title":{"rendered":"Soci\u00e9t\u00e9"},"content":{"rendered":"\t\t<div data-elementor-type=\"wp-page\" data-elementor-id=\"495\" class=\"elementor elementor-495\">\n\t\t\t\t\t\t<section class=\"elementor-section elementor-top-section elementor-element elementor-element-c17765e elementor-section-boxed elementor-section-height-default elementor-section-height-default\" data-id=\"c17765e\" data-element_type=\"section\" data-e-type=\"section\">\n\t\t\t\t\t\t<div class=\"elementor-container elementor-column-gap-default\">\n\t\t\t\t\t<div class=\"elementor-column elementor-col-100 elementor-top-column elementor-element elementor-element-1379c1c\" data-id=\"1379c1c\" data-element_type=\"column\" data-e-type=\"column\">\n\t\t\t<div class=\"elementor-widget-wrap elementor-element-populated\">\n\t\t\t\t\t\t<div class=\"elementor-element elementor-element-4448731 elementor-widget elementor-widget-spacer\" data-id=\"4448731\" data-element_type=\"widget\" data-e-type=\"widget\" data-widget_type=\"spacer.default\">\n\t\t\t\t<div class=\"elementor-widget-container\">\n\t\t\t\t\t\t\t<div class=\"elementor-spacer\">\n\t\t\t<div class=\"elementor-spacer-inner\"><\/div>\n\t\t<\/div>\n\t\t\t\t\t\t<\/div>\n\t\t\t\t<\/div>\n\t\t\t\t\t<\/div>\n\t\t<\/div>\n\t\t\t\t\t<\/div>\n\t\t<\/section>\n\t\t\t\t<section class=\"elementor-section elementor-top-section elementor-element elementor-element-86989cf elementor-section-boxed elementor-section-height-default elementor-section-height-default\" data-id=\"86989cf\" data-element_type=\"section\" data-e-type=\"section\">\n\t\t\t\t\t\t<div class=\"elementor-container elementor-column-gap-default\">\n\t\t\t\t\t<div class=\"elementor-column elementor-col-50 elementor-top-column elementor-element elementor-element-4e086a1\" data-id=\"4e086a1\" data-element_type=\"column\" data-e-type=\"column\">\n\t\t\t<div class=\"elementor-widget-wrap elementor-element-populated\">\n\t\t\t\t\t\t<div class=\"elementor-element elementor-element-6f3c0b5 elementor-widget elementor-widget-image\" data-id=\"6f3c0b5\" data-element_type=\"widget\" data-e-type=\"widget\" data-widget_type=\"image.default\">\n\t\t\t\t<div class=\"elementor-widget-container\">\n\t\t\t\t\t\t\t\t\t\t\t\t\t\t\t<img decoding=\"async\" src=\"https:\/\/www.wolf-maschinenbau.de\/fr\/wp-content\/uploads\/sites\/3\/elementor\/thumbs\/wolf_ag_logo_header_auschnitt-rfbflfx187q0g47tsvhfpdilnb1az586ll1o54slki.webp\" title=\"wolf_ag_logo_header_auschnitt.webp\" alt=\"wolf_ag_logo_header_auschnitt.webp\" loading=\"lazy\" \/>\t\t\t\t\t\t\t\t\t\t\t\t\t\t\t<\/div>\n\t\t\t\t<\/div>\n\t\t\t\t\t<\/div>\n\t\t<\/div>\n\t\t\t\t<div class=\"elementor-column elementor-col-50 elementor-top-column elementor-element elementor-element-2d2dde8\" data-id=\"2d2dde8\" data-element_type=\"column\" data-e-type=\"column\">\n\t\t\t<div class=\"elementor-widget-wrap elementor-element-populated\">\n\t\t\t\t\t\t<div class=\"elementor-element elementor-element-78f9162 elementor-widget elementor-widget-heading\" data-id=\"78f9162\" data-element_type=\"widget\" data-e-type=\"widget\" data-widget_type=\"heading.default\">\n\t\t\t\t<div class=\"elementor-widget-container\">\n\t\t\t\t\t<h1 class=\"elementor-heading-title elementor-size-default\">Wolf Maschinenbau AG<\/h1>\t\t\t\t<\/div>\n\t\t\t\t<\/div>\n\t\t\t\t<div class=\"elementor-element elementor-element-94530cc elementor-widget elementor-widget-heading\" data-id=\"94530cc\" data-element_type=\"widget\" data-e-type=\"widget\" data-widget_type=\"heading.default\">\n\t\t\t\t<div class=\"elementor-widget-container\">\n\t\t\t\t\t<h2 class=\"elementor-heading-title elementor-size-default\">Machines \u00e0 transfert rotatifs depuis 1991<\/h2>\t\t\t\t<\/div>\n\t\t\t\t<\/div>\n\t\t\t\t\t<\/div>\n\t\t<\/div>\n\t\t\t\t\t<\/div>\n\t\t<\/section>\n\t\t\t\t<section class=\"elementor-section elementor-top-section elementor-element elementor-element-5c48685 elementor-section-boxed elementor-section-height-default elementor-section-height-default\" data-id=\"5c48685\" data-element_type=\"section\" data-e-type=\"section\">\n\t\t\t\t\t\t<div class=\"elementor-container elementor-column-gap-default\">\n\t\t\t\t\t<div class=\"elementor-column elementor-col-100 elementor-top-column elementor-element elementor-element-239bbf2\" data-id=\"239bbf2\" data-element_type=\"column\" data-e-type=\"column\">\n\t\t\t<div class=\"elementor-widget-wrap elementor-element-populated\">\n\t\t\t\t\t\t<div class=\"elementor-element elementor-element-2227996 elementor-widget elementor-widget-spacer\" data-id=\"2227996\" data-element_type=\"widget\" data-e-type=\"widget\" data-widget_type=\"spacer.default\">\n\t\t\t\t<div class=\"elementor-widget-container\">\n\t\t\t\t\t\t\t<div class=\"elementor-spacer\">\n\t\t\t<div class=\"elementor-spacer-inner\"><\/div>\n\t\t<\/div>\n\t\t\t\t\t\t<\/div>\n\t\t\t\t<\/div>\n\t\t\t\t<div class=\"elementor-element elementor-element-b0ac498 elementor-widget elementor-widget-heading\" data-id=\"b0ac498\" data-element_type=\"widget\" data-e-type=\"widget\" data-widget_type=\"heading.default\">\n\t\t\t\t<div class=\"elementor-widget-container\">\n\t\t\t\t\t<h2 class=\"elementor-heading-title elementor-size-default\">Soci\u00e9t\u00e9\n<\/h2>\t\t\t\t<\/div>\n\t\t\t\t<\/div>\n\t\t\t\t\t<\/div>\n\t\t<\/div>\n\t\t\t\t\t<\/div>\n\t\t<\/section>\n\t\t\t\t<section class=\"elementor-section elementor-top-section elementor-element elementor-element-513d3b7 elementor-section-boxed elementor-section-height-default elementor-section-height-default\" data-id=\"513d3b7\" data-element_type=\"section\" data-e-type=\"section\">\n\t\t\t\t\t\t<div class=\"elementor-container elementor-column-gap-default\">\n\t\t\t\t\t<div class=\"elementor-column elementor-col-50 elementor-top-column elementor-element elementor-element-a64abb8\" data-id=\"a64abb8\" data-element_type=\"column\" data-e-type=\"column\">\n\t\t\t<div class=\"elementor-widget-wrap elementor-element-populated\">\n\t\t\t\t\t\t<div class=\"elementor-element elementor-element-8b7264b elementor-widget elementor-widget-image\" data-id=\"8b7264b\" data-element_type=\"widget\" data-e-type=\"widget\" data-widget_type=\"image.default\">\n\t\t\t\t<div class=\"elementor-widget-container\">\n\t\t\t\t\t\t\t\t\t\t\t\t\t\t\t<img fetchpriority=\"high\" decoding=\"async\" width=\"1024\" height=\"437\" src=\"https:\/\/www.wolf-maschinenbau.de\/fr\/wp-content\/uploads\/sites\/3\/2025\/11\/ausenansicht_wolf_maschinenbau_ag-1024x437.webp\" class=\"attachment-large size-large wp-image-2430\" alt=\"\" srcset=\"https:\/\/www.wolf-maschinenbau.de\/fr\/wp-content\/uploads\/sites\/3\/2025\/11\/ausenansicht_wolf_maschinenbau_ag-1024x437.webp 1024w, https:\/\/www.wolf-maschinenbau.de\/fr\/wp-content\/uploads\/sites\/3\/2025\/11\/ausenansicht_wolf_maschinenbau_ag-300x128.webp 300w, https:\/\/www.wolf-maschinenbau.de\/fr\/wp-content\/uploads\/sites\/3\/2025\/11\/ausenansicht_wolf_maschinenbau_ag-768x328.webp 768w, https:\/\/www.wolf-maschinenbau.de\/fr\/wp-content\/uploads\/sites\/3\/2025\/11\/ausenansicht_wolf_maschinenbau_ag.webp 1206w\" sizes=\"(max-width: 1024px) 100vw, 1024px\" \/>\t\t\t\t\t\t\t\t\t\t\t\t\t\t\t<\/div>\n\t\t\t\t<\/div>\n\t\t\t\t\t<\/div>\n\t\t<\/div>\n\t\t\t\t<div class=\"elementor-column elementor-col-50 elementor-top-column elementor-element elementor-element-fef7a45\" data-id=\"fef7a45\" data-element_type=\"column\" data-e-type=\"column\">\n\t\t\t<div class=\"elementor-widget-wrap elementor-element-populated\">\n\t\t\t\t\t\t<div class=\"elementor-element elementor-element-18ebe18 elementor-widget elementor-widget-heading\" data-id=\"18ebe18\" data-element_type=\"widget\" data-e-type=\"widget\" data-widget_type=\"heading.default\">\n\t\t\t\t<div class=\"elementor-widget-container\">\n\t\t\t\t\t<h4 class=\"elementor-heading-title elementor-size-default\">La pr\u00e9cision \u00e0 la seconde pr\u00e8s !<\/h4>\t\t\t\t<\/div>\n\t\t\t\t<\/div>\n\t\t\t\t<div class=\"elementor-element elementor-element-70866e5 elementor-widget elementor-widget-text-editor\" data-id=\"70866e5\" data-element_type=\"widget\" data-e-type=\"widget\" data-widget_type=\"text-editor.default\">\n\t\t\t\t<div class=\"elementor-widget-container\">\n\t\t\t\t\t\t\t\t\tWolf est un fabricant et un fournisseur de machines innovantes de transfert rotatif et lin\u00e9aire et d&#8217;\u00e9quipements p\u00e9riph\u00e9riques associ\u00e9s pour l&#8217;usinage individuel, compact, flexible et pr\u00e9cis de mat\u00e9riaux en barres et anneaux m\u00e9talliques, de pi\u00e8ces tourn\u00e9es, de tubes et de pi\u00e8ces extrud\u00e9es. La gamme de services propos\u00e9s par le leader technologique comprend le d\u00e9veloppement, la conception, la fabrication, la vente et la maintenance de solutions d&#8217;automatisation personnalis\u00e9es de haute pr\u00e9cision.\nNous le pr\u00e9sentons dans les salons internationaux.\t\t\t\t\t\t\t\t<\/div>\n\t\t\t\t<\/div>\n\t\t\t\t\t<\/div>\n\t\t<\/div>\n\t\t\t\t\t<\/div>\n\t\t<\/section>\n\t\t\t\t<section class=\"elementor-section elementor-top-section elementor-element elementor-element-6fc3bca elementor-section-boxed elementor-section-height-default elementor-section-height-default\" data-id=\"6fc3bca\" data-element_type=\"section\" data-e-type=\"section\">\n\t\t\t\t\t\t<div class=\"elementor-container elementor-column-gap-default\">\n\t\t\t\t\t<div class=\"elementor-column elementor-col-100 elementor-top-column elementor-element elementor-element-0adcde3\" data-id=\"0adcde3\" data-element_type=\"column\" data-e-type=\"column\">\n\t\t\t<div class=\"elementor-widget-wrap elementor-element-populated\">\n\t\t\t\t\t\t<div class=\"elementor-element elementor-element-f484c10 elementor-widget elementor-widget-spacer\" data-id=\"f484c10\" data-element_type=\"widget\" data-e-type=\"widget\" data-widget_type=\"spacer.default\">\n\t\t\t\t<div class=\"elementor-widget-container\">\n\t\t\t\t\t\t\t<div class=\"elementor-spacer\">\n\t\t\t<div class=\"elementor-spacer-inner\"><\/div>\n\t\t<\/div>\n\t\t\t\t\t\t<\/div>\n\t\t\t\t<\/div>\n\t\t\t\t\t<\/div>\n\t\t<\/div>\n\t\t\t\t\t<\/div>\n\t\t<\/section>\n\t\t\t\t<section class=\"elementor-section elementor-top-section elementor-element elementor-element-77c340e elementor-section-boxed elementor-section-height-default elementor-section-height-default\" data-id=\"77c340e\" data-element_type=\"section\" data-e-type=\"section\">\n\t\t\t\t\t\t<div class=\"elementor-container elementor-column-gap-default\">\n\t\t\t\t\t<div class=\"elementor-column elementor-col-50 elementor-top-column elementor-element elementor-element-1d7d4cc\" data-id=\"1d7d4cc\" data-element_type=\"column\" data-e-type=\"column\">\n\t\t\t<div class=\"elementor-widget-wrap elementor-element-populated\">\n\t\t\t\t\t\t<div class=\"elementor-element elementor-element-fafcf6b elementor-widget elementor-widget-heading\" data-id=\"fafcf6b\" data-element_type=\"widget\" data-e-type=\"widget\" data-widget_type=\"heading.default\">\n\t\t\t\t<div class=\"elementor-widget-container\">\n\t\t\t\t\t<h2 class=\"elementor-heading-title elementor-size-default\">\u00c0 propos de nous<\/h2>\t\t\t\t<\/div>\n\t\t\t\t<\/div>\n\t\t\t\t<div class=\"elementor-element elementor-element-b8c1e13 elementor-widget elementor-widget-text-editor\" data-id=\"b8c1e13\" data-element_type=\"widget\" data-e-type=\"widget\" data-widget_type=\"text-editor.default\">\n\t\t\t\t<div class=\"elementor-widget-container\">\n\t\t\t\t\t\t\t\t\t<p>En tant qu&#8217;entreprise familiale g\u00e9r\u00e9e par son propri\u00e9taire, Wolf assure une attention personnelle et individuelle \u00e0 ses clients. Wolf reconna\u00eet et satisfait les besoins et les attentes de ses clients et apporte tout son savoir-faire aux t\u00e2ches \u00e0 accomplir dans un esprit de partenariat. Les clients de Wolf b\u00e9n\u00e9ficient de la longue exp\u00e9rience industrielle de ses employ\u00e9s pour l&#8217;ensemble du processus de fabrication et des services tourn\u00e9s vers l&#8217;avenir.<\/p>\t\t\t\t\t\t\t\t<\/div>\n\t\t\t\t<\/div>\n\t\t\t\t<div class=\"elementor-element elementor-element-42d51c6 elementor-widget elementor-widget-text-editor\" data-id=\"42d51c6\" data-element_type=\"widget\" data-e-type=\"widget\" data-widget_type=\"text-editor.default\">\n\t\t\t\t<div class=\"elementor-widget-container\">\n\t\t\t\t\t\t\t\t\t<p>C&#8217;est pourquoi les produits Wolf sont synonymes de rapidit\u00e9 et d&#8217;efficacit\u00e9 uniques, de flexibilit\u00e9 maximale, de service optimal et de norme de qualit\u00e9 maximale &#8220;Made in Germany&#8221;.<\/p>\t\t\t\t\t\t\t\t<\/div>\n\t\t\t\t<\/div>\n\t\t\t\t\t<\/div>\n\t\t<\/div>\n\t\t\t\t<div class=\"elementor-column elementor-col-50 elementor-top-column elementor-element elementor-element-1af6ac2\" data-id=\"1af6ac2\" data-element_type=\"column\" data-e-type=\"column\">\n\t\t\t<div class=\"elementor-widget-wrap elementor-element-populated\">\n\t\t\t\t\t\t<div class=\"elementor-element elementor-element-1c9afe6 elementor-widget elementor-widget-video\" data-id=\"1c9afe6\" data-element_type=\"widget\" data-e-type=\"widget\" data-settings=\"{&quot;video_type&quot;:&quot;hosted&quot;,&quot;controls&quot;:&quot;yes&quot;}\" data-widget_type=\"video.default\">\n\t\t\t\t<div class=\"elementor-widget-container\">\n\t\t\t\t\t\t\t<div class=\"e-hosted-video elementor-wrapper elementor-open-inline\">\n\t\t\t\t\t<video class=\"elementor-video\" src=\"https:\/\/www.wolf-maschinenbau.de\/fr\/wp-content\/uploads\/sites\/3\/2026\/02\/WOLF-TSM-280FR.mp4\" controls=\"\" preload=\"metadata\" controlsList=\"nodownload\" poster=\"https:\/\/www.wolf-maschinenbau.de\/fr\/wp-content\/uploads\/sites\/3\/2026\/02\/erklarfilm-wolf.webp\"><\/video>\n\t\t\t\t<\/div>\n\t\t\t\t\t\t<\/div>\n\t\t\t\t<\/div>\n\t\t\t\t\t<\/div>\n\t\t<\/div>\n\t\t\t\t\t<\/div>\n\t\t<\/section>\n\t\t\t\t<section class=\"elementor-section elementor-top-section elementor-element elementor-element-e0c1c4f elementor-section-boxed elementor-section-height-default elementor-section-height-default\" data-id=\"e0c1c4f\" data-element_type=\"section\" data-e-type=\"section\">\n\t\t\t\t\t\t<div class=\"elementor-container elementor-column-gap-default\">\n\t\t\t\t\t<div class=\"elementor-column elementor-col-100 elementor-top-column elementor-element elementor-element-88fa16c\" data-id=\"88fa16c\" data-element_type=\"column\" data-e-type=\"column\">\n\t\t\t<div class=\"elementor-widget-wrap elementor-element-populated\">\n\t\t\t\t\t\t<div class=\"elementor-element elementor-element-017b425 elementor-widget-divider--view-line elementor-widget elementor-widget-divider\" data-id=\"017b425\" data-element_type=\"widget\" data-e-type=\"widget\" data-widget_type=\"divider.default\">\n\t\t\t\t<div class=\"elementor-widget-container\">\n\t\t\t\t\t\t\t<div class=\"elementor-divider\">\n\t\t\t<span class=\"elementor-divider-separator\">\n\t\t\t\t\t\t<\/span>\n\t\t<\/div>\n\t\t\t\t\t\t<\/div>\n\t\t\t\t<\/div>\n\t\t\t\t\t<\/div>\n\t\t<\/div>\n\t\t\t\t\t<\/div>\n\t\t<\/section>\n\t\t\t\t<section class=\"elementor-section elementor-top-section elementor-element elementor-element-c08dc14 elementor-section-boxed elementor-section-height-default elementor-section-height-default\" data-id=\"c08dc14\" data-element_type=\"section\" data-e-type=\"section\">\n\t\t\t\t\t\t<div class=\"elementor-container elementor-column-gap-default\">\n\t\t\t\t\t<div class=\"elementor-column elementor-col-100 elementor-top-column elementor-element elementor-element-e01d8cf\" data-id=\"e01d8cf\" data-element_type=\"column\" data-e-type=\"column\">\n\t\t\t<div class=\"elementor-widget-wrap elementor-element-populated\">\n\t\t\t\t\t\t<div class=\"elementor-element elementor-element-bedcf16 elementor-widget elementor-widget-heading\" data-id=\"bedcf16\" data-element_type=\"widget\" data-e-type=\"widget\" data-widget_type=\"heading.default\">\n\t\t\t\t<div class=\"elementor-widget-container\">\n\t\t\t\t\t<h2 class=\"elementor-heading-title elementor-size-default\">COMMUNIQU\u00c9 DE PRESSE<\/h2>\t\t\t\t<\/div>\n\t\t\t\t<\/div>\n\t\t\t\t\t<\/div>\n\t\t<\/div>\n\t\t\t\t\t<\/div>\n\t\t<\/section>\n\t\t\t\t<section class=\"elementor-section elementor-top-section elementor-element elementor-element-1a4d9dc elementor-section-boxed elementor-section-height-default elementor-section-height-default\" data-id=\"1a4d9dc\" data-element_type=\"section\" data-e-type=\"section\">\n\t\t\t\t\t\t<div class=\"elementor-container elementor-column-gap-default\">\n\t\t\t\t\t<div class=\"elementor-column elementor-col-100 elementor-top-column elementor-element elementor-element-cc1cf74\" data-id=\"cc1cf74\" data-element_type=\"column\" data-e-type=\"column\">\n\t\t\t<div class=\"elementor-widget-wrap elementor-element-populated\">\n\t\t\t\t\t\t<div class=\"elementor-element elementor-element-cfa4ddc elementor-position-left elementor-position-left elementor-vertical-align-middle elementor-invisible elementor-widget elementor-widget-image-box\" data-id=\"cfa4ddc\" data-element_type=\"widget\" data-e-type=\"widget\" data-settings=\"{&quot;_animation&quot;:&quot;zoomIn&quot;}\" data-widget_type=\"image-box.default\">\n\t\t\t\t<div class=\"elementor-widget-container\">\n\t\t\t\t\t<div class=\"elementor-image-box-wrapper\"><figure class=\"elementor-image-box-img\"><a href=\"https:\/\/www.wolf-maschinenbau.de\/fr\/2025\/11\/27\/emo-hanovre-2025\/\" target=\"_blank\" tabindex=\"-1\"><img decoding=\"async\" src=\"https:\/\/www.wolf-maschinenbau.de\/fr\/wp-content\/uploads\/sites\/3\/elementor\/thumbs\/PM-Wolf_10_2025_Retrospective-EMO-Hanovre-scaled-rfb82nktrhnc7i53ywm93pyykgtwt9loq5pby8bg5e.webp\" title=\"PM Wolf_10_2025_R\u00e9trospective EMO Hanovre\" alt=\"PM Wolf_10_2025_R\u00e9trospective EMO Hanovre\" loading=\"lazy\" \/><\/a><\/figure><div class=\"elementor-image-box-content\"><h3 class=\"elementor-image-box-title\"><a href=\"https:\/\/www.wolf-maschinenbau.de\/fr\/2025\/11\/27\/emo-hanovre-2025\/\" target=\"_blank\">Communiqu\u00e9 de presse | EMO Hanovre 2025<\/a><\/h3><p class=\"elementor-image-box-description\">Le monde entier invit\u00e9 chez Wolf \u2013 la Wolf TSM 280, fleuron de la technologie d'usinage<\/p><\/div><\/div>\t\t\t\t<\/div>\n\t\t\t\t<\/div>\n\t\t\t\t\t<\/div>\n\t\t<\/div>\n\t\t\t\t\t<\/div>\n\t\t<\/section>\n\t\t\t\t<section class=\"elementor-section elementor-top-section elementor-element elementor-element-25e8753 elementor-section-boxed elementor-section-height-default elementor-section-height-default\" data-id=\"25e8753\" data-element_type=\"section\" data-e-type=\"section\">\n\t\t\t\t\t\t<div class=\"elementor-container elementor-column-gap-default\">\n\t\t\t\t\t<div class=\"elementor-column elementor-col-100 elementor-top-column elementor-element elementor-element-f9dad0e\" data-id=\"f9dad0e\" data-element_type=\"column\" data-e-type=\"column\">\n\t\t\t<div class=\"elementor-widget-wrap elementor-element-populated\">\n\t\t\t\t\t\t<div class=\"elementor-element elementor-element-bdc9bb6 elementor-widget-divider--view-line elementor-widget elementor-widget-divider\" data-id=\"bdc9bb6\" data-element_type=\"widget\" data-e-type=\"widget\" data-widget_type=\"divider.default\">\n\t\t\t\t<div class=\"elementor-widget-container\">\n\t\t\t\t\t\t\t<div class=\"elementor-divider\">\n\t\t\t<span class=\"elementor-divider-separator\">\n\t\t\t\t\t\t<\/span>\n\t\t<\/div>\n\t\t\t\t\t\t<\/div>\n\t\t\t\t<\/div>\n\t\t\t\t<div class=\"elementor-element elementor-element-3fd8e73 elementor-widget elementor-widget-spacer\" data-id=\"3fd8e73\" data-element_type=\"widget\" data-e-type=\"widget\" data-widget_type=\"spacer.default\">\n\t\t\t\t<div class=\"elementor-widget-container\">\n\t\t\t\t\t\t\t<div class=\"elementor-spacer\">\n\t\t\t<div class=\"elementor-spacer-inner\"><\/div>\n\t\t<\/div>\n\t\t\t\t\t\t<\/div>\n\t\t\t\t<\/div>\n\t\t\t\t\t<\/div>\n\t\t<\/div>\n\t\t\t\t\t<\/div>\n\t\t<\/section>\n\t\t\t\t<section class=\"elementor-section elementor-top-section elementor-element elementor-element-740e969 elementor-section-boxed elementor-section-height-default elementor-section-height-default\" data-id=\"740e969\" data-element_type=\"section\" data-e-type=\"section\">\n\t\t\t\t\t\t<div class=\"elementor-container elementor-column-gap-default\">\n\t\t\t\t\t<div class=\"elementor-column elementor-col-50 elementor-top-column elementor-element elementor-element-27388fe\" data-id=\"27388fe\" data-element_type=\"column\" data-e-type=\"column\">\n\t\t\t<div class=\"elementor-widget-wrap elementor-element-populated\">\n\t\t\t\t\t\t<div class=\"elementor-element elementor-element-f9164b0 elementor-widget elementor-widget-heading\" data-id=\"f9164b0\" data-element_type=\"widget\" data-e-type=\"widget\" data-widget_type=\"heading.default\">\n\t\t\t\t<div class=\"elementor-widget-container\">\n\t\t\t\t\t<h2 class=\"elementor-heading-title elementor-size-default\">Industries<\/h2>\t\t\t\t<\/div>\n\t\t\t\t<\/div>\n\t\t\t\t<div class=\"elementor-element elementor-element-2bb040d elementor-widget elementor-widget-text-editor\" data-id=\"2bb040d\" data-element_type=\"widget\" data-e-type=\"widget\" data-widget_type=\"text-editor.default\">\n\t\t\t\t<div class=\"elementor-widget-container\">\n\t\t\t\t\t\t\t\t\tNotre client\u00e8le comprend des fabricants et des fournisseurs de renom dans les domaines de l&#8217;\u00e9lectrotechnique, de l&#8217;automobile, de l&#8217;a\u00e9rospatiale, de la logistique, de la technologie m\u00e9dicale, de la pneumatique, de l&#8217;industrie horlog\u00e8re, de la technologie dentaire, des appareils m\u00e9nagers et bien d&#8217;autres encore. Un bref aper\u00e7u est donn\u00e9 dans les r\u00e9f\u00e9rences.\t\t\t\t\t\t\t\t<\/div>\n\t\t\t\t<\/div>\n\t\t\t\t\t<\/div>\n\t\t<\/div>\n\t\t\t\t<div class=\"elementor-column elementor-col-50 elementor-top-column elementor-element elementor-element-4889a55\" data-id=\"4889a55\" data-element_type=\"column\" data-e-type=\"column\">\n\t\t\t<div class=\"elementor-widget-wrap\">\n\t\t\t\t\t\t\t<\/div>\n\t\t<\/div>\n\t\t\t\t\t<\/div>\n\t\t<\/section>\n\t\t\t\t<section class=\"elementor-section elementor-top-section elementor-element elementor-element-ffdc844 elementor-section-boxed elementor-section-height-default elementor-section-height-default\" data-id=\"ffdc844\" data-element_type=\"section\" data-e-type=\"section\">\n\t\t\t\t\t\t<div class=\"elementor-container elementor-column-gap-default\">\n\t\t\t\t\t<div class=\"elementor-column elementor-col-100 elementor-top-column elementor-element elementor-element-1687f3b\" data-id=\"1687f3b\" data-element_type=\"column\" data-e-type=\"column\">\n\t\t\t<div class=\"elementor-widget-wrap elementor-element-populated\">\n\t\t\t\t\t\t<div class=\"elementor-element elementor-element-bf17842 elementor-widget elementor-widget-spacer\" data-id=\"bf17842\" data-element_type=\"widget\" data-e-type=\"widget\" data-widget_type=\"spacer.default\">\n\t\t\t\t<div class=\"elementor-widget-container\">\n\t\t\t\t\t\t\t<div class=\"elementor-spacer\">\n\t\t\t<div class=\"elementor-spacer-inner\"><\/div>\n\t\t<\/div>\n\t\t\t\t\t\t<\/div>\n\t\t\t\t<\/div>\n\t\t\t\t\t<\/div>\n\t\t<\/div>\n\t\t\t\t\t<\/div>\n\t\t<\/section>\n\t\t\t\t<section class=\"elementor-section elementor-top-section elementor-element elementor-element-bfb36b5 elementor-section-boxed elementor-section-height-default elementor-section-height-default\" data-id=\"bfb36b5\" data-element_type=\"section\" data-e-type=\"section\" data-settings=\"{&quot;shape_divider_bottom&quot;:&quot;opacity-tilt&quot;}\">\n\t\t\t\t\t<div class=\"elementor-shape elementor-shape-bottom\" aria-hidden=\"true\" data-negative=\"false\">\n\t\t\t<svg xmlns=\"http:\/\/www.w3.org\/2000\/svg\" viewBox=\"0 0 2600 131.1\" preserveAspectRatio=\"none\">\n\t<path class=\"elementor-shape-fill\" d=\"M0 0L2600 0 2600 69.1 0 0z\"\/>\n\t<path class=\"elementor-shape-fill\" style=\"opacity:0.5\" d=\"M0 0L2600 0 2600 69.1 0 69.1z\"\/>\n\t<path class=\"elementor-shape-fill\" style=\"opacity:0.25\" d=\"M2600 0L0 0 0 130.1 2600 69.1z\"\/>\n<\/svg>\t\t<\/div>\n\t\t\t\t\t<div class=\"elementor-container elementor-column-gap-default\">\n\t\t\t\t\t<div class=\"elementor-column elementor-col-100 elementor-top-column elementor-element elementor-element-c7a0bc8\" data-id=\"c7a0bc8\" data-element_type=\"column\" data-e-type=\"column\">\n\t\t\t<div class=\"elementor-widget-wrap\">\n\t\t\t\t\t\t\t<\/div>\n\t\t<\/div>\n\t\t\t\t\t<\/div>\n\t\t<\/section>\n\t\t\t\t<\/div>\n\t\t","protected":false},"excerpt":{"rendered":"<p>Wolf Maschinenbau AG Machines \u00e0 transfert rotatifs depuis 1991 Soci\u00e9t\u00e9 La pr\u00e9cision \u00e0 la seconde pr\u00e8s ! Wolf est un fabricant et un fournisseur de machines innovantes de transfert rotatif et lin\u00e9aire et d&#8217;\u00e9quipements p\u00e9riph\u00e9riques associ\u00e9s pour l&#8217;usinage individuel, compact, flexible et pr\u00e9cis de mat\u00e9riaux en barres et anneaux m\u00e9talliques, de pi\u00e8ces tourn\u00e9es, de tubes&hellip;&nbsp;<a href=\"https:\/\/www.wolf-maschinenbau.de\/fr\/societe\/\" rel=\"bookmark\">Read More &raquo;<span class=\"screen-reader-text\">Soci\u00e9t\u00e9<\/span><\/a><\/p>\n","protected":false},"author":2,"featured_media":0,"parent":0,"menu_order":0,"comment_status":"closed","ping_status":"closed","template":"page-templates\/template-pagebuilder-full-width.php","meta":{"_seopress_robots_primary_cat":"","_seopress_titles_title":"Soci\u00e9t\u00e9 | Wolf Maschinenbau AG | depuis 1991","_seopress_titles_desc":"Nous c\u00e9l\u00e9brons | 30 ans de Wolf Maschinenbau | Entreprise familiale dirig\u00e9e par son propri\u00e9taire | Fort du groupe Wolf | Machine \u00e0 transfert rotatif","_seopress_robots_index":"","neve_meta_sidebar":"full-width","neve_meta_container":"","neve_meta_enable_content_width":"on","neve_meta_content_width":100,"neve_meta_title_alignment":"","neve_meta_author_avatar":"","neve_post_elements_order":"","neve_meta_disable_header":"","neve_meta_disable_footer":"","neve_meta_disable_title":"","neve_meta_reading_time":"","footnotes":""},"class_list":["post-495","page","type-page","status-publish","hentry"],"_links":{"self":[{"href":"https:\/\/www.wolf-maschinenbau.de\/fr\/wp-json\/wp\/v2\/pages\/495","targetHints":{"allow":["GET"]}}],"collection":[{"href":"https:\/\/www.wolf-maschinenbau.de\/fr\/wp-json\/wp\/v2\/pages"}],"about":[{"href":"https:\/\/www.wolf-maschinenbau.de\/fr\/wp-json\/wp\/v2\/types\/page"}],"author":[{"embeddable":true,"href":"https:\/\/www.wolf-maschinenbau.de\/fr\/wp-json\/wp\/v2\/users\/2"}],"replies":[{"embeddable":true,"href":"https:\/\/www.wolf-maschinenbau.de\/fr\/wp-json\/wp\/v2\/comments?post=495"}],"version-history":[{"count":20,"href":"https:\/\/www.wolf-maschinenbau.de\/fr\/wp-json\/wp\/v2\/pages\/495\/revisions"}],"predecessor-version":[{"id":2670,"href":"https:\/\/www.wolf-maschinenbau.de\/fr\/wp-json\/wp\/v2\/pages\/495\/revisions\/2670"}],"wp:attachment":[{"href":"https:\/\/www.wolf-maschinenbau.de\/fr\/wp-json\/wp\/v2\/media?parent=495"}],"curies":[{"name":"wp","href":"https:\/\/api.w.org\/{rel}","templated":true}]}}