{"id":798,"date":"2021-03-31T09:35:09","date_gmt":"2021-03-31T09:35:09","guid":{"rendered":"https:\/\/www.wolf-maschinenbau.de\/fr\/?page_id=798"},"modified":"2021-08-18T08:27:54","modified_gmt":"2021-08-18T08:27:54","slug":"sitemap","status":"publish","type":"page","link":"https:\/\/www.wolf-maschinenbau.de\/fr\/sitemap\/","title":{"rendered":"Sitemap"},"content":{"rendered":"\t\t<div data-elementor-type=\"wp-page\" data-elementor-id=\"798\" class=\"elementor elementor-798\">\n\t\t\t\t\t\t<section class=\"elementor-section elementor-top-section elementor-element elementor-element-1adf2b8 elementor-section-boxed elementor-section-height-default elementor-section-height-default\" data-id=\"1adf2b8\" data-element_type=\"section\" data-e-type=\"section\">\n\t\t\t\t\t\t<div class=\"elementor-container elementor-column-gap-default\">\n\t\t\t\t\t<div class=\"elementor-column elementor-col-100 elementor-top-column elementor-element elementor-element-64b1539\" data-id=\"64b1539\" data-element_type=\"column\" data-e-type=\"column\">\n\t\t\t<div class=\"elementor-widget-wrap elementor-element-populated\">\n\t\t\t\t\t\t<div class=\"elementor-element elementor-element-3ef4477 elementor-widget elementor-widget-spacer\" data-id=\"3ef4477\" data-element_type=\"widget\" data-e-type=\"widget\" data-widget_type=\"spacer.default\">\n\t\t\t\t<div class=\"elementor-widget-container\">\n\t\t\t\t\t\t\t<div class=\"elementor-spacer\">\n\t\t\t<div class=\"elementor-spacer-inner\"><\/div>\n\t\t<\/div>\n\t\t\t\t\t\t<\/div>\n\t\t\t\t<\/div>\n\t\t\t\t\t<\/div>\n\t\t<\/div>\n\t\t\t\t\t<\/div>\n\t\t<\/section>\n\t\t\t\t<section class=\"elementor-section elementor-top-section elementor-element elementor-element-123ce48 elementor-section-boxed elementor-section-height-default elementor-section-height-default\" data-id=\"123ce48\" data-element_type=\"section\" data-e-type=\"section\">\n\t\t\t\t\t\t<div class=\"elementor-container elementor-column-gap-default\">\n\t\t\t\t\t<div class=\"elementor-column elementor-col-100 elementor-top-column elementor-element elementor-element-0c7509f\" data-id=\"0c7509f\" data-element_type=\"column\" data-e-type=\"column\">\n\t\t\t<div class=\"elementor-widget-wrap elementor-element-populated\">\n\t\t\t\t\t\t<div class=\"elementor-element elementor-element-b9c43d7 elementor-widget elementor-widget-shortcode\" data-id=\"b9c43d7\" data-element_type=\"widget\" data-e-type=\"widget\" data-widget_type=\"shortcode.default\">\n\t\t\t\t<div class=\"elementor-widget-container\">\n\t\t\t\t\t\t\t<div class=\"elementor-shortcode\"><div class=\"wrap-html-sitemap sp-html-sitemap\"><div class=\"sp-wrap-cpt\"><h2 class=\"sp-cpt-name\">Pages<\/h2><ul class=\"sp-list-posts sp-cpt-hierarchical\"><li class=\"page_item page-item-244\"><a href=\"https:\/\/www.wolf-maschinenbau.de\/fr\/conditions-generales-daffaires\/\">Conditions g\u00e9n\u00e9rales d&#8217;affaires<\/a><\/li><li class=\"page_item page-item-59\"><a href=\"https:\/\/www.wolf-maschinenbau.de\/fr\/contact\/\">Contact<\/a><\/li><li class=\"page_item page-item-29\"><a href=\"https:\/\/www.wolf-maschinenbau.de\/fr\/informations-juridiques\/\">Informations juridiques<\/a><\/li><li class=\"page_item page-item-267\"><a href=\"https:\/\/www.wolf-maschinenbau.de\/fr\/\">Machine \u00e0 transfert rotatif<\/a><\/li><li class=\"page_item page-item-37\"><a href=\"https:\/\/www.wolf-maschinenbau.de\/fr\/mentions-legales\/\">Mentions l\u00e9gales<\/a><\/li><li class=\"page_item page-item-24\"><a href=\"https:\/\/www.wolf-maschinenbau.de\/fr\/protection-des-donnees\/\">Protection des donn\u00e9es<\/a><\/li><li class=\"page_item page-item-697\"><a href=\"https:\/\/www.wolf-maschinenbau.de\/fr\/recherche-et-developpement\/\">Recherche et d\u00e9veloppement<\/a><\/li><li class=\"page_item page-item-495\"><a href=\"https:\/\/www.wolf-maschinenbau.de\/fr\/societe\/\">Soci\u00e9t\u00e9<\/a><\/li><li class=\"page_item page-item-548\"><a href=\"https:\/\/www.wolf-maschinenbau.de\/fr\/systemes-dalimentation\/\">Syst\u00e8mes d&#8217;alimentation<\/a><\/li><li class=\"page_item page-item-424\"><a href=\"https:\/\/www.wolf-maschinenbau.de\/fr\/telemaintenance-et-assistance\/\">T\u00e9l\u00e9maintenance et assistance<\/a><\/li><li class=\"page_item page-item-97\"><a href=\"https:\/\/www.wolf-maschinenbau.de\/fr\/wolf-tsm-280\/\">Wolf TSM 280<\/a><\/li><li class=\"page_item page-item-459\"><a href=\"https:\/\/www.wolf-maschinenbau.de\/fr\/wolfcmd\/\">WolfCMD<\/a><\/li><\/ul><\/div><\/div><\/div>\n\t\t\t\t\t\t<\/div>\n\t\t\t\t<\/div>\n\t\t\t\t\t<\/div>\n\t\t<\/div>\n\t\t\t\t\t<\/div>\n\t\t<\/section>\n\t\t\t\t<section class=\"elementor-section elementor-top-section elementor-element elementor-element-7c7b6ca elementor-section-boxed elementor-section-height-default elementor-section-height-default\" data-id=\"7c7b6ca\" data-element_type=\"section\" data-e-type=\"section\">\n\t\t\t\t\t\t<div class=\"elementor-container elementor-column-gap-default\">\n\t\t\t\t\t<div class=\"elementor-column elementor-col-100 elementor-top-column elementor-element elementor-element-a2d8e88\" data-id=\"a2d8e88\" data-element_type=\"column\" data-e-type=\"column\">\n\t\t\t<div class=\"elementor-widget-wrap elementor-element-populated\">\n\t\t\t\t\t\t<div class=\"elementor-element elementor-element-9b9c469 elementor-widget elementor-widget-spacer\" data-id=\"9b9c469\" data-element_type=\"widget\" data-e-type=\"widget\" data-widget_type=\"spacer.default\">\n\t\t\t\t<div class=\"elementor-widget-container\">\n\t\t\t\t\t\t\t<div class=\"elementor-spacer\">\n\t\t\t<div class=\"elementor-spacer-inner\"><\/div>\n\t\t<\/div>\n\t\t\t\t\t\t<\/div>\n\t\t\t\t<\/div>\n\t\t\t\t\t<\/div>\n\t\t<\/div>\n\t\t\t\t\t<\/div>\n\t\t<\/section>\n\t\t\t\t<section class=\"elementor-section elementor-top-section elementor-element elementor-element-d197fee elementor-section-boxed elementor-section-height-default elementor-section-height-default\" data-id=\"d197fee\" data-element_type=\"section\" data-e-type=\"section\" data-settings=\"{&quot;shape_divider_bottom&quot;:&quot;opacity-tilt&quot;}\">\n\t\t\t\t\t<div class=\"elementor-shape elementor-shape-bottom\" aria-hidden=\"true\" data-negative=\"false\">\n\t\t\t<svg xmlns=\"http:\/\/www.w3.org\/2000\/svg\" viewBox=\"0 0 2600 131.1\" preserveAspectRatio=\"none\">\n\t<path class=\"elementor-shape-fill\" d=\"M0 0L2600 0 2600 69.1 0 0z\"\/>\n\t<path class=\"elementor-shape-fill\" style=\"opacity:0.5\" d=\"M0 0L2600 0 2600 69.1 0 69.1z\"\/>\n\t<path class=\"elementor-shape-fill\" style=\"opacity:0.25\" d=\"M2600 0L0 0 0 130.1 2600 69.1z\"\/>\n<\/svg>\t\t<\/div>\n\t\t\t\t\t<div class=\"elementor-container elementor-column-gap-default\">\n\t\t\t\t\t<div class=\"elementor-column elementor-col-100 elementor-top-column elementor-element elementor-element-b72b600\" data-id=\"b72b600\" data-element_type=\"column\" data-e-type=\"column\">\n\t\t\t<div class=\"elementor-widget-wrap\">\n\t\t\t\t\t\t\t<\/div>\n\t\t<\/div>\n\t\t\t\t\t<\/div>\n\t\t<\/section>\n\t\t\t\t<\/div>\n\t\t","protected":false},"excerpt":{"rendered":"","protected":false},"author":2,"featured_media":0,"parent":0,"menu_order":0,"comment_status":"closed","ping_status":"closed","template":"page-templates\/template-pagebuilder-full-width.php","meta":{"_seopress_robots_primary_cat":"","_seopress_titles_title":"Sitemap | Wolf Maschinenbau AG","_seopress_titles_desc":"Machine \u00e0 transfert rotatif | Wolf TSM 280 | WolfCMD | Syst\u00e8mes d&#039;alimentation | T\u00e9l\u00e9maintenance et assistance | Recherche et d\u00e9veloppement |","_seopress_robots_index":"","neve_meta_sidebar":"full-width","neve_meta_container":"","neve_meta_enable_content_width":"on","neve_meta_content_width":100,"neve_meta_title_alignment":"","neve_meta_author_avatar":"","neve_post_elements_order":"","neve_meta_disable_header":"","neve_meta_disable_footer":"","neve_meta_disable_title":"","neve_meta_reading_time":"","footnotes":""},"class_list":["post-798","page","type-page","status-publish","hentry"],"_links":{"self":[{"href":"https:\/\/www.wolf-maschinenbau.de\/fr\/wp-json\/wp\/v2\/pages\/798","targetHints":{"allow":["GET"]}}],"collection":[{"href":"https:\/\/www.wolf-maschinenbau.de\/fr\/wp-json\/wp\/v2\/pages"}],"about":[{"href":"https:\/\/www.wolf-maschinenbau.de\/fr\/wp-json\/wp\/v2\/types\/page"}],"author":[{"embeddable":true,"href":"https:\/\/www.wolf-maschinenbau.de\/fr\/wp-json\/wp\/v2\/users\/2"}],"replies":[{"embeddable":true,"href":"https:\/\/www.wolf-maschinenbau.de\/fr\/wp-json\/wp\/v2\/comments?post=798"}],"version-history":[{"count":22,"href":"https:\/\/www.wolf-maschinenbau.de\/fr\/wp-json\/wp\/v2\/pages\/798\/revisions"}],"predecessor-version":[{"id":1098,"href":"https:\/\/www.wolf-maschinenbau.de\/fr\/wp-json\/wp\/v2\/pages\/798\/revisions\/1098"}],"wp:attachment":[{"href":"https:\/\/www.wolf-maschinenbau.de\/fr\/wp-json\/wp\/v2\/media?parent=798"}],"curies":[{"name":"wp","href":"https:\/\/api.w.org\/{rel}","templated":true}]}}